{"id":563,"date":"2021-12-13T04:15:18","date_gmt":"2021-12-13T04:15:18","guid":{"rendered":"https:\/\/blockart-agency.sites.qsandbox.com\/?page_id=563"},"modified":"2025-06-11T19:46:10","modified_gmt":"2025-06-11T22:46:10","slug":"about","status":"publish","type":"page","link":"https:\/\/amrn.org.br\/home\/about\/","title":{"rendered":"Institucional"},"content":{"rendered":"\n<div class=\"blockart-section blockart-section-aecf0ee7\"><div class=\"blockart-container\"><div class=\"blockart-section-inner\">\n<div class=\"blockart-column blockart-column-e8401a7c\"><div class=\"blockart-column-inner\"><\/div><\/div>\n<\/div><\/div><\/div>\n\n\n\n<div class=\"blockart-section blockart-section-05875b6b\"><div class=\"blockart-container\"><div class=\"blockart-section-inner\">\n<div class=\"blockart-column blockart-column-8dfdd3dd\"><div class=\"blockart-column-inner\">\n<h2 class=\"blockart-heading blockart-heading-248d44f0\">Hist\u00f3rico da AMRN<\/h2>\n\n\n\n<p class=\"blockart-paragraph blockart-paragraph-5ddea1cc\">A Associa\u00e7\u00e3o M\u00e9dica do Rio Grande do Norte foi originada em primeiro de agosto de 1931, antes denominada Sociedade de Medicina e Cirurgia do Rio Grande do Norte.\u00a0<\/p>\n\n\n\n<p class=\"blockart-paragraph blockart-paragraph-47af7dc8\">Sua cria\u00e7\u00e3o, que se deu por um grupo de not\u00e1veis m\u00e9dicos do estado, teve \u00e0 frente desse movimento o Dr. Ernesto Fonseca, eleito em 22 de agosto daquele ano como o primeiro Presidente da denominada Sociedade de Medicina e Cirurgia do estado do RN, cuja posse da diretoria ocorreu, no dia 30 de agosto de 1931, no sal\u00e3o de confer\u00eancias do Instituto Hist\u00f3rico e Geogr\u00e1fico do Rio Grande do Norte.<br><br>Esses not\u00e1veis m\u00e9dicos em reuni\u00f5es na sede da SMC\/RN, que por anos foram realizadas em uma sala no Instituto Hist\u00f3rico e Geogr\u00e1fico do Rio Grande do Norte, combateram o charlatanismo, projetaram e possibilitaram as constru\u00e7\u00f5es de hospitais e maternidades, trabalharam e incentivaram a implanta\u00e7\u00e3o do Servi\u00e7o de Abastecimento de \u00c1gua e Esgoto da capital e coroaram o seu trabalho, d\u00e9cadas depois, com a funda\u00e7\u00e3o da Faculdade de Medicina da Universidade Federal do RN.<br><br>J\u00e1 na d\u00e9cada de cinquenta com o advento da Associa\u00e7\u00e3o M\u00e9dica Brasileira, muitas Sociedades M\u00e9dicas Estaduais se filiaram \u00e0 rec\u00e9m fundada Associa\u00e7\u00e3o, ocorrendo de igual modo com a Sociedade de Medicina e Cirurgia do RN, que alterou o seu estatuto e mudou o seu nome para Associa\u00e7\u00e3o M\u00e9dica do Rio Grande do Norte, a qual manteve-se fiel ao seu ide\u00e1rio de educa\u00e7\u00e3o m\u00e9dica continuada, defesa profissional, prote\u00e7\u00e3o \u00e0 popula\u00e7\u00e3o, combate a medicina de m\u00e1 qualidade e apoio aos \u00f3rg\u00e3os p\u00fablicos ligados ao assistencialismo da popula\u00e7\u00e3o.<br><br>Hoje, temos em nosso quadro associativo com com mais de 1.000 m\u00e9dicos efetivos e oferecemos aos nossos associados programas de clube de vantagens, em parcerias com v\u00e1rias empresas regionais e nacionais. Ainda, disponibilizamos de uma assessoria jur\u00eddica e cont\u00e1bil para nossos m\u00e9dicos e mantemos cursos, simp\u00f3sios e congressos, sempre em parcerias com as Sociedades de Especialidades, filiadas a AMB.<br><br>Somos entidade sem fins econ\u00f4micos lucrativos e reconhecida como de utilidade p\u00fablica, representativa dos M\u00e9dicos deste estado e com atividade social, cultural e cient\u00edfico.<br><br><\/p>\n<\/div><\/div>\n<\/div><\/div><\/div>\n\n\n\n\n\n<div class=\"blockart-section blockart-section-d8a31c46\"><div class=\"blockart-container\"><div class=\"blockart-section-inner\">\n<div class=\"blockart-column blockart-column-997321c6\"><div class=\"blockart-column-inner\">\n<h2 class=\"blockart-heading blockart-heading-2627c2f8\">Estatuto da Associa\u00e7\u00e3o M\u00e9dica do RN<\/h2>\n\n\n\n<p class=\"blockart-paragraph blockart-paragraph-56ab1d8a\">Conhe\u00e7a o Estatuto da AMRN clicando no bot\u00e3o ao lado para efetuar o download.<\/p>\n<\/div><\/div>\n\n\n\n<div class=\"blockart-column blockart-column-470f65cb\"><div class=\"blockart-column-inner\">\n<div class=\"blockart-buttons blockart-buttons-b04803aa is-wrap is-horizontal justify-right justify-center-sm\">\n<div class=\"blockart-button blockart-button-8586a099 \"><a class=\"blockart-button-link is-custom is-style-filled\" href=\"https:\/\/www.amrn.org.br\/assets\/pdf\/estatuto-amrn.pdf\" target=\"_blank\" rel=\"noopener\">BAIXAR<\/a><\/div>\n<\/div>\n<\/div><\/div>\n<\/div><\/div><\/div>\n\n\n\n<p><\/p>\n","protected":false},"excerpt":{"rendered":"","protected":false},"author":1,"featured_media":0,"parent":0,"menu_order":0,"comment_status":"closed","ping_status":"closed","template":"page-templates\/pagebuilder.php","meta":{"zakra_sidebar_layout":"centered","zakra_remove_content_margin":true,"zakra_sidebar":"customizer","zakra_transparent_header":"customizer","zakra_logo":0,"zakra_main_header_style":"default","zakra_menu_item_color":"","zakra_menu_item_hover_color":"#000000","zakra_menu_item_active_color":"#23ab70","zakra_menu_active_style":"","zakra_page_header":true,"footnotes":""},"class_list":["post-563","page","type-page","status-publish","hentry"],"_links":{"self":[{"href":"https:\/\/amrn.org.br\/home\/wp-json\/wp\/v2\/pages\/563","targetHints":{"allow":["GET"]}}],"collection":[{"href":"https:\/\/amrn.org.br\/home\/wp-json\/wp\/v2\/pages"}],"about":[{"href":"https:\/\/amrn.org.br\/home\/wp-json\/wp\/v2\/types\/page"}],"author":[{"embeddable":true,"href":"https:\/\/amrn.org.br\/home\/wp-json\/wp\/v2\/users\/1"}],"replies":[{"embeddable":true,"href":"https:\/\/amrn.org.br\/home\/wp-json\/wp\/v2\/comments?post=563"}],"version-history":[{"count":67,"href":"https:\/\/amrn.org.br\/home\/wp-json\/wp\/v2\/pages\/563\/revisions"}],"predecessor-version":[{"id":2444,"href":"https:\/\/amrn.org.br\/home\/wp-json\/wp\/v2\/pages\/563\/revisions\/2444"}],"wp:attachment":[{"href":"https:\/\/amrn.org.br\/home\/wp-json\/wp\/v2\/media?parent=563"}],"curies":[{"name":"wp","href":"https:\/\/api.w.org\/{rel}","templated":true}]}}