{"id":1375,"date":"2022-05-02T17:08:21","date_gmt":"2022-05-02T20:08:21","guid":{"rendered":"https:\/\/amrn.org.br\/home\/?page_id=1375"},"modified":"2022-05-02T17:30:39","modified_gmt":"2022-05-02T20:30:39","slug":"comunicacao-social","status":"publish","type":"page","link":"https:\/\/amrn.org.br\/home\/comunicacao-social\/","title":{"rendered":"Comunica\u00e7\u00e3o Social"},"content":{"rendered":"\n<div class=\"blockart-section blockart-section-6dbea2a6\"><div class=\"blockart-container\"><div class=\"blockart-section-inner\">\n<div class=\"blockart-column blockart-column-2a8f717d\"><div class=\"blockart-column-inner\">\n<div class=\"blockart-image blockart-image-9a15900d\"><img decoding=\"async\" src=\"https:\/\/amrn.org.br\/home\/wp-content\/uploads\/2022\/05\/comunicacao-scaled.jpg\" alt=\"\"\/><\/div>\n<\/div><\/div>\n\n\n\n<div class=\"blockart-column blockart-column-89717047\"><div class=\"blockart-column-inner\">\n<h2 class=\"blockart-heading blockart-heading-09c91258\">Comunica\u00e7\u00e3o Social<\/h2>\n\n\n\n<p class=\"blockart-paragraph blockart-paragraph-e86873da\">Deseja manter contato com a nossa Assessoria de Comunica\u00e7\u00e3o para sugerir a divulga\u00e7\u00e3o de algum conte\u00fado m\u00e9dico ou cobertura de algum evento da \u00e1rea sa\u00fade? Ent\u00e3o ligue para o (84) 98129-3618 e fale com a nossa equipe de imprensa e cerimoniais.<\/p>\n<\/div><\/div>\n<\/div><\/div><\/div>\n","protected":false},"excerpt":{"rendered":"","protected":false},"author":1,"featured_media":0,"parent":0,"menu_order":0,"comment_status":"closed","ping_status":"closed","template":"","meta":{"zakra_sidebar_layout":"contained","zakra_remove_content_margin":false,"zakra_sidebar":"customizer","zakra_transparent_header":"customizer","zakra_logo":0,"zakra_main_header_style":"default","zakra_menu_item_color":"","zakra_menu_item_hover_color":"","zakra_menu_item_active_color":"","zakra_menu_active_style":"","zakra_page_header":true,"footnotes":""},"class_list":["post-1375","page","type-page","status-publish","hentry"],"_links":{"self":[{"href":"https:\/\/amrn.org.br\/home\/wp-json\/wp\/v2\/pages\/1375","targetHints":{"allow":["GET"]}}],"collection":[{"href":"https:\/\/amrn.org.br\/home\/wp-json\/wp\/v2\/pages"}],"about":[{"href":"https:\/\/amrn.org.br\/home\/wp-json\/wp\/v2\/types\/page"}],"author":[{"embeddable":true,"href":"https:\/\/amrn.org.br\/home\/wp-json\/wp\/v2\/users\/1"}],"replies":[{"embeddable":true,"href":"https:\/\/amrn.org.br\/home\/wp-json\/wp\/v2\/comments?post=1375"}],"version-history":[{"count":5,"href":"https:\/\/amrn.org.br\/home\/wp-json\/wp\/v2\/pages\/1375\/revisions"}],"predecessor-version":[{"id":1407,"href":"https:\/\/amrn.org.br\/home\/wp-json\/wp\/v2\/pages\/1375\/revisions\/1407"}],"wp:attachment":[{"href":"https:\/\/amrn.org.br\/home\/wp-json\/wp\/v2\/media?parent=1375"}],"curies":[{"name":"wp","href":"https:\/\/api.w.org\/{rel}","templated":true}]}}