{"id":1371,"date":"2022-05-02T17:07:44","date_gmt":"2022-05-02T20:07:44","guid":{"rendered":"https:\/\/amrn.org.br\/home\/?page_id=1371"},"modified":"2022-05-10T14:45:55","modified_gmt":"2022-05-10T17:45:55","slug":"assessoria-juridica","status":"publish","type":"page","link":"https:\/\/amrn.org.br\/home\/assessoria-juridica\/","title":{"rendered":"Assessoria Jur\u00eddica"},"content":{"rendered":"\n<div class=\"blockart-section blockart-section-6dbea2a6\"><div class=\"blockart-container\"><div class=\"blockart-section-inner\">\n<div class=\"blockart-column blockart-column-2a8f717d\"><div class=\"blockart-column-inner\">\n<div class=\"blockart-image blockart-image-9a15900d\"><img decoding=\"async\" src=\"https:\/\/amrn.org.br\/home\/wp-content\/uploads\/2022\/05\/assessoria-juridica.jpg\" alt=\"\"\/><\/div>\n<\/div><\/div>\n\n\n\n<div class=\"blockart-column blockart-column-89717047\"><div class=\"blockart-column-inner\">\n<h2 class=\"blockart-heading blockart-heading-09c91258\">Assessoria Jur\u00eddica<\/h2>\n\n\n\n<p class=\"blockart-paragraph blockart-paragraph-e85500df\">A Associa\u00e7\u00e3o M\u00e9dica do Rio Grande do Norte conta com os servi\u00e7os jur\u00eddicos do escrit\u00f3rio de advocacia &#8220;Venceslau Carvalho Sociedade de Advocacia&#8221; a fim auxiliar a demandas jur\u00eddicas envolvendo a entidade, bem como prestar um suporte jur\u00eddico abarcando consultas \u00e0 todos os nossos m\u00e9dicos.<\/p>\n\n\n\n<p class=\"blockart-paragraph blockart-paragraph-e86873da\">O Venceslau Carvalho Sociedade de Advocacia \u00e9 escrit\u00f3rio inscrito na Ordem dos Advogados do Brasil sob o n\u00famero 524, que atua no Rio Grande do Norte desde 2008.<\/p>\n\n\n\n<p class=\"blockart-paragraph blockart-paragraph-d890eef9\">Para mais informa\u00e7\u00f5es ligue: (84) 99908-7784.<\/p>\n<\/div><\/div>\n<\/div><\/div><\/div>\n","protected":false},"excerpt":{"rendered":"","protected":false},"author":1,"featured_media":0,"parent":0,"menu_order":0,"comment_status":"closed","ping_status":"closed","template":"","meta":{"zakra_sidebar_layout":"contained","zakra_remove_content_margin":false,"zakra_sidebar":"customizer","zakra_transparent_header":"customizer","zakra_logo":0,"zakra_main_header_style":"default","zakra_menu_item_color":"","zakra_menu_item_hover_color":"","zakra_menu_item_active_color":"","zakra_menu_active_style":"","zakra_page_header":true,"footnotes":""},"class_list":["post-1371","page","type-page","status-publish","hentry"],"_links":{"self":[{"href":"https:\/\/amrn.org.br\/home\/wp-json\/wp\/v2\/pages\/1371","targetHints":{"allow":["GET"]}}],"collection":[{"href":"https:\/\/amrn.org.br\/home\/wp-json\/wp\/v2\/pages"}],"about":[{"href":"https:\/\/amrn.org.br\/home\/wp-json\/wp\/v2\/types\/page"}],"author":[{"embeddable":true,"href":"https:\/\/amrn.org.br\/home\/wp-json\/wp\/v2\/users\/1"}],"replies":[{"embeddable":true,"href":"https:\/\/amrn.org.br\/home\/wp-json\/wp\/v2\/comments?post=1371"}],"version-history":[{"count":9,"href":"https:\/\/amrn.org.br\/home\/wp-json\/wp\/v2\/pages\/1371\/revisions"}],"predecessor-version":[{"id":1633,"href":"https:\/\/amrn.org.br\/home\/wp-json\/wp\/v2\/pages\/1371\/revisions\/1633"}],"wp:attachment":[{"href":"https:\/\/amrn.org.br\/home\/wp-json\/wp\/v2\/media?parent=1371"}],"curies":[{"name":"wp","href":"https:\/\/api.w.org\/{rel}","templated":true}]}}