{"id":1178,"date":"2022-03-02T21:57:28","date_gmt":"2022-03-03T00:57:28","guid":{"rendered":"https:\/\/amrn.org.br\/home\/?page_id=1178"},"modified":"2022-03-02T23:35:25","modified_gmt":"2022-03-03T02:35:25","slug":"comissoes","status":"publish","type":"page","link":"https:\/\/amrn.org.br\/home\/comissoes\/","title":{"rendered":"Comiss\u00f5es"},"content":{"rendered":"\n<div class=\"blockart-section blockart-section-2e6d119a\"><div class=\"blockart-container\"><div class=\"blockart-section-inner\">\n<div class=\"blockart-column blockart-column-5cf2afc6\"><div class=\"blockart-column-inner\">\n<h2 class=\"blockart-heading blockart-heading-6fb56507\">Comiss\u00f5es<\/h2>\n\n\n\n<div class=\"blockart-section blockart-section-41980141\"><div class=\"blockart-container\"><div class=\"blockart-section-inner\">\n<div class=\"blockart-column blockart-column-c1c64913\"><div class=\"blockart-column-inner\">\n<h2 class=\"blockart-heading blockart-heading-d787e463\">Comiss\u00e3o Cient\u00edfica<\/h2>\n\n\n\n<p class=\"blockart-paragraph blockart-paragraph-29cf8604\">1 &#8211; Josalmir Jos\u00e9 Melo do Amaral<\/p>\n\n\n\n<p class=\"blockart-paragraph blockart-paragraph-45276f99\">2 &#8211; S\u00edlvio Jos\u00e9 de Lucena Dantas<\/p>\n\n\n\n<p class=\"blockart-paragraph blockart-paragraph-f20899f9\">3 &#8211;  Jo\u00e3o Paulo Morais Ribeiro<\/p>\n<\/div><\/div>\n\n\n\n<div class=\"blockart-column blockart-column-05e6b87b\"><div class=\"blockart-column-inner\">\n<h2 class=\"blockart-heading blockart-heading-2d3351d2\">Comiss\u00e3o de Divulga\u00e7\u00e3o<\/h2>\n\n\n\n<p class=\"blockart-paragraph blockart-paragraph-960004dd\">1 &#8211; Nicoli Serquiz de Azevedo<\/p>\n\n\n\n<p class=\"blockart-paragraph blockart-paragraph-5f08d48f\">2 &#8211; \u00cdtalo Jorge Medeiros de Oliveira<\/p>\n\n\n\n<p class=\"blockart-paragraph blockart-paragraph-c5f37308\">3 &#8211; Felipe N\u00f3brega Zena\u00edde  <\/p>\n<\/div><\/div>\n\n\n\n<div class=\"blockart-column blockart-column-05e4d248\"><div class=\"blockart-column-inner\">\n<h2 class=\"blockart-heading blockart-heading-43e8b516\">Comiss\u00e3o de Defesa Profissional<\/h2>\n\n\n\n<p class=\"blockart-paragraph blockart-paragraph-3ee9465d\">1 &#8211; Jo\u00e3o Maria de Lucena Marinho<\/p>\n\n\n\n<p class=\"blockart-paragraph blockart-paragraph-d67339d1\">2 &#8211; Alexandre de Oliveira Sales <\/p>\n<\/div><\/div>\n<\/div><\/div><\/div>\n\n\n\n<div class=\"blockart-section blockart-section-1e22afeb\"><div class=\"blockart-container\"><div class=\"blockart-section-inner\">\n<div class=\"blockart-column blockart-column-ce49b3a8\"><div class=\"blockart-column-inner\">\n<h2 class=\"blockart-heading blockart-heading-35c1020a\">Comiss\u00e3o do Depto de Conv\u00eanios<\/h2>\n\n\n\n<p class=\"blockart-paragraph blockart-paragraph-b6482ec9\">1 &#8211; Roberto de Oliveira Lins<\/p>\n\n\n\n<p class=\"blockart-paragraph blockart-paragraph-a4ceae06\">2 &#8211; Cristiane Torralba Antonangelo<\/p>\n\n\n\n<p class=\"blockart-paragraph blockart-paragraph-2d0f1edc\">3 &#8211; Raimundo Vin\u00edcius de Ara\u00fajo R\u00eago   <\/p>\n<\/div><\/div>\n\n\n\n<div class=\"blockart-column blockart-column-bdda2725\"><div class=\"blockart-column-inner\">\n<h2 class=\"blockart-heading blockart-heading-b26eb902\">Comiss\u00e3o Social<\/h2>\n\n\n\n<p class=\"blockart-paragraph blockart-paragraph-06992e24\">1 &#8211; Anna Karina Pereira de Medeiros<\/p>\n\n\n\n<p class=\"blockart-paragraph blockart-paragraph-bea1d1e6\">2 &#8211; Juliana Chagas Caldas<\/p>\n\n\n\n<p class=\"blockart-paragraph blockart-paragraph-f764f840\">3 &#8211; M\u00f4nica Cristina L. de Andrade  <\/p>\n<\/div><\/div>\n\n\n\n<div class=\"blockart-column blockart-column-8d2af555\"><div class=\"blockart-column-inner\">\n<h2 class=\"blockart-heading blockart-heading-11d4cc1b\">Comiss\u00e3o de Esportes<\/h2>\n\n\n\n<p class=\"blockart-paragraph blockart-paragraph-b80f6b7c\">1 &#8211; Maria de F\u00e1tima R. da Costa<\/p>\n\n\n\n<p class=\"blockart-paragraph blockart-paragraph-1b4e13f8\">2 &#8211; Ver\u00f4nica Souza Vale  <\/p>\n<\/div><\/div>\n<\/div><\/div><\/div>\n<\/div><\/div>\n<\/div><\/div><\/div>\n\n\n\n<p><\/p>\n","protected":false},"excerpt":{"rendered":"","protected":false},"author":1,"featured_media":0,"parent":0,"menu_order":0,"comment_status":"closed","ping_status":"closed","template":"","meta":{"zakra_sidebar_layout":"contained","zakra_remove_content_margin":false,"zakra_sidebar":"customizer","zakra_transparent_header":"customizer","zakra_logo":0,"zakra_main_header_style":"default","zakra_menu_item_color":"","zakra_menu_item_hover_color":"","zakra_menu_item_active_color":"","zakra_menu_active_style":"","zakra_page_header":true,"footnotes":""},"class_list":["post-1178","page","type-page","status-publish","hentry"],"_links":{"self":[{"href":"https:\/\/amrn.org.br\/home\/wp-json\/wp\/v2\/pages\/1178","targetHints":{"allow":["GET"]}}],"collection":[{"href":"https:\/\/amrn.org.br\/home\/wp-json\/wp\/v2\/pages"}],"about":[{"href":"https:\/\/amrn.org.br\/home\/wp-json\/wp\/v2\/types\/page"}],"author":[{"embeddable":true,"href":"https:\/\/amrn.org.br\/home\/wp-json\/wp\/v2\/users\/1"}],"replies":[{"embeddable":true,"href":"https:\/\/amrn.org.br\/home\/wp-json\/wp\/v2\/comments?post=1178"}],"version-history":[{"count":7,"href":"https:\/\/amrn.org.br\/home\/wp-json\/wp\/v2\/pages\/1178\/revisions"}],"predecessor-version":[{"id":1289,"href":"https:\/\/amrn.org.br\/home\/wp-json\/wp\/v2\/pages\/1178\/revisions\/1289"}],"wp:attachment":[{"href":"https:\/\/amrn.org.br\/home\/wp-json\/wp\/v2\/media?parent=1178"}],"curies":[{"name":"wp","href":"https:\/\/api.w.org\/{rel}","templated":true}]}}